{"id":729,"date":"2021-09-17T08:29:42","date_gmt":"2021-09-17T06:29:42","guid":{"rendered":"https:\/\/grapl.com\/a-propos-de-nous\/"},"modified":"2023-05-17T13:54:51","modified_gmt":"2023-05-17T11:54:51","slug":"about-us","status":"publish","type":"page","link":"https:\/\/grapl.com\/en\/about-us\/","title":{"rendered":"About us"},"content":{"rendered":"\n    <div class=\"page-header \" id=\"\">\n        <div class=\"row\">\n            <div class=\"col-lg-6\" data-aos=\"fade-right\">\n                <h1>About us<\/h1>\n                It all started with a realization: wine lovers visiting wineries abroad can neither have wine delivered to their homes nor recommend it afterwards. Online sales, logistics, administration&#8230; the challenges are many.<br \/>\r\n<br \/>\r\nA team of entrepreneurs and wine enthusiasts decided to launch GRAPL with one mission: to revolutionise the way wine is sold online!            <\/div>\n            <div class=\"col-lg-6\" data-aos=\"fade-left\">\n                                    <div class=\"img-wrap\">\n                        <div class=\"img-wrap-inner\">\n                            <img decoding=\"async\" src=\"https:\/\/grapl.com\/app\/uploads\/2023\/02\/about_grapl-1.jpg\" alt=\"\" class=\"img\" \/>\n                            <img decoding=\"async\" src=\"https:\/\/grapl.com\/app\/themes\/child\/assets\/images\/grapl-pattern.svg\" class=\"grapl-pattern-shape\" data-aos=\"fade-left\" data-aos-delay=\"300\">\n                        <\/div>\n                                        <\/div>\n            <\/div>\n        <\/div>\n    <\/div>\n\n\n\n\n\n<h2 class=\"wp-block-heading\">The team<\/h2>\n\n\n\n    <div class=\"team\">\n        <div class=\"row \" id=\"\">\n                            <div class=\"col-lg-4 col-sm-6 col-6\" data-aos=\"fade-up\" data-aos-delay=\"100\">\n                    <div class=\"person\">\n                                                    <img decoding=\"async\" src=\"https:\/\/grapl.com\/app\/uploads\/2023\/02\/matthieu_rattaz-1.jpg\" alt=\"\" \/>\n                                                <div class=\"person-info\">\n                            <p class=\"person-name\">Matthieu <b>Rattaz<\/b><\/p>\n                            <p class=\"person-function\">Co-fonder &#038; CEO<\/p>\n                            <a href=\"https:\/\/www.linkedin.com\/in\/matthieurattaz\/\" title=\"\" target=\"_blank\">\n                                <svg xmlns=\"http:\/\/www.w3.org\/2000\/svg\" role=\"img\" width=\"1000mm\" height=\"1000mm\" viewBox=\"0 0 1000 1000\" style=\"max-width:28px; height: auto;\">\n                                    <path id=\"path\" style=\"opacity:1;vector-effect:none;fill:#3d0051;fill-opacity:1;\" d=\" M 336 332C 336 332 336 789 336 789C 336 789 211 789 211 789C 211 789 211 332 211 332C 211 332 336 332 336 332M 346 206C 346 206 346 206 346 206C 346 247 313 280 273 280C 233 280 201 247 201 206C 201 166 233 133 273 133C 313 133 346 166 346 206M 834 508C 834 508 834 789 834 789C 834 789 709 789 709 789C 709 789 709 556 709 556C 709 416 543 427 543 556C 543 556 543 789 543 789C 543 789 419 789 419 789C 419 789 419 332 419 332C 419 332 543 332 543 332C 543 332 543 406 543 406C 601 298 834 290 834 508\" transform=\"\">\n                                    <\/path>\n                                <\/svg>\n                            <\/a>\n                        <\/div>\n                    <\/div>\n                <\/div>\n                            <div class=\"col-lg-4 col-sm-6 col-6\" data-aos=\"fade-up\" data-aos-delay=\"200\">\n                    <div class=\"person\">\n                                                    <img decoding=\"async\" src=\"https:\/\/grapl.com\/app\/uploads\/2023\/05\/simona_picco.jpg\" alt=\"\" \/>\n                                                <div class=\"person-info\">\n                            <p class=\"person-name\">Simona <b>Picco<\/b><\/p>\n                            <p class=\"person-function\">Sales Manager Italy<\/p>\n                            <a href=\"https:\/\/www.linkedin.com\/in\/simona-picco-gastronoma\/\" title=\"\" target=\"_blank\">\n                                <svg xmlns=\"http:\/\/www.w3.org\/2000\/svg\" role=\"img\" width=\"1000mm\" height=\"1000mm\" viewBox=\"0 0 1000 1000\" style=\"max-width:28px; height: auto;\">\n                                    <path id=\"path\" style=\"opacity:1;vector-effect:none;fill:#3d0051;fill-opacity:1;\" d=\" M 336 332C 336 332 336 789 336 789C 336 789 211 789 211 789C 211 789 211 332 211 332C 211 332 336 332 336 332M 346 206C 346 206 346 206 346 206C 346 247 313 280 273 280C 233 280 201 247 201 206C 201 166 233 133 273 133C 313 133 346 166 346 206M 834 508C 834 508 834 789 834 789C 834 789 709 789 709 789C 709 789 709 556 709 556C 709 416 543 427 543 556C 543 556 543 789 543 789C 543 789 419 789 419 789C 419 789 419 332 419 332C 419 332 543 332 543 332C 543 332 543 406 543 406C 601 298 834 290 834 508\" transform=\"\">\n                                    <\/path>\n                                <\/svg>\n                            <\/a>\n                        <\/div>\n                    <\/div>\n                <\/div>\n                            <div class=\"col-lg-4 col-sm-6 col-6\" data-aos=\"fade-up\" data-aos-delay=\"300\">\n                    <div class=\"person\">\n                                                    <img decoding=\"async\" src=\"https:\/\/grapl.com\/app\/uploads\/2023\/02\/matthieu_betton-1.jpg\" alt=\"\" \/>\n                                                <div class=\"person-info\">\n                            <p class=\"person-name\">Mathieu <b>Betton<\/b><\/p>\n                            <p class=\"person-function\">Sales Manager France<\/p>\n                            <a href=\"https:\/\/www.linkedin.com\/in\/mathieu-betton-wine\/\" title=\"\" target=\"_blank\">\n                                <svg xmlns=\"http:\/\/www.w3.org\/2000\/svg\" role=\"img\" width=\"1000mm\" height=\"1000mm\" viewBox=\"0 0 1000 1000\" style=\"max-width:28px; height: auto;\">\n                                    <path id=\"path\" style=\"opacity:1;vector-effect:none;fill:#3d0051;fill-opacity:1;\" d=\" M 336 332C 336 332 336 789 336 789C 336 789 211 789 211 789C 211 789 211 332 211 332C 211 332 336 332 336 332M 346 206C 346 206 346 206 346 206C 346 247 313 280 273 280C 233 280 201 247 201 206C 201 166 233 133 273 133C 313 133 346 166 346 206M 834 508C 834 508 834 789 834 789C 834 789 709 789 709 789C 709 789 709 556 709 556C 709 416 543 427 543 556C 543 556 543 789 543 789C 543 789 419 789 419 789C 419 789 419 332 419 332C 419 332 543 332 543 332C 543 332 543 406 543 406C 601 298 834 290 834 508\" transform=\"\">\n                                    <\/path>\n                                <\/svg>\n                            <\/a>\n                        <\/div>\n                    <\/div>\n                <\/div>\n                            <div class=\"col-lg-4 col-sm-6 col-6\" data-aos=\"fade-up\" data-aos-delay=\"400\">\n                    <div class=\"person\">\n                                                    <img decoding=\"async\" src=\"https:\/\/grapl.com\/app\/uploads\/2023\/02\/jerome_neuveglise-1.jpg\" alt=\"\" \/>\n                                                <div class=\"person-info\">\n                            <p class=\"person-name\">J\u00e9r\u00f4me <b>Neuv\u00e9glise<\/b><\/p>\n                            <p class=\"person-function\">Digital Product Owner<\/p>\n                            <a href=\"https:\/\/www.linkedin.com\/in\/neuveglise\/\" title=\"\" target=\"_blank\">\n                                <svg xmlns=\"http:\/\/www.w3.org\/2000\/svg\" role=\"img\" width=\"1000mm\" height=\"1000mm\" viewBox=\"0 0 1000 1000\" style=\"max-width:28px; height: auto;\">\n                                    <path id=\"path\" style=\"opacity:1;vector-effect:none;fill:#3d0051;fill-opacity:1;\" d=\" M 336 332C 336 332 336 789 336 789C 336 789 211 789 211 789C 211 789 211 332 211 332C 211 332 336 332 336 332M 346 206C 346 206 346 206 346 206C 346 247 313 280 273 280C 233 280 201 247 201 206C 201 166 233 133 273 133C 313 133 346 166 346 206M 834 508C 834 508 834 789 834 789C 834 789 709 789 709 789C 709 789 709 556 709 556C 709 416 543 427 543 556C 543 556 543 789 543 789C 543 789 419 789 419 789C 419 789 419 332 419 332C 419 332 543 332 543 332C 543 332 543 406 543 406C 601 298 834 290 834 508\" transform=\"\">\n                                    <\/path>\n                                <\/svg>\n                            <\/a>\n                        <\/div>\n                    <\/div>\n                <\/div>\n                            <div class=\"col-lg-4 col-sm-6 col-6\" data-aos=\"fade-up\" data-aos-delay=\"500\">\n                    <div class=\"person\">\n                                                    <img decoding=\"async\" src=\"https:\/\/grapl.com\/app\/uploads\/2023\/02\/asya_cologni.jpg\" alt=\"\" \/>\n                                                <div class=\"person-info\">\n                            <p class=\"person-name\">Asya <b>Cologni<\/b><\/p>\n                            <p class=\"person-function\">Marketing Specialist<\/p>\n                            <a href=\"\" title=\"\" target=\"_blank\">\n                                <svg xmlns=\"http:\/\/www.w3.org\/2000\/svg\" role=\"img\" width=\"1000mm\" height=\"1000mm\" viewBox=\"0 0 1000 1000\" style=\"max-width:28px; height: auto;\">\n                                    <path id=\"path\" style=\"opacity:1;vector-effect:none;fill:#3d0051;fill-opacity:1;\" d=\" M 336 332C 336 332 336 789 336 789C 336 789 211 789 211 789C 211 789 211 332 211 332C 211 332 336 332 336 332M 346 206C 346 206 346 206 346 206C 346 247 313 280 273 280C 233 280 201 247 201 206C 201 166 233 133 273 133C 313 133 346 166 346 206M 834 508C 834 508 834 789 834 789C 834 789 709 789 709 789C 709 789 709 556 709 556C 709 416 543 427 543 556C 543 556 543 789 543 789C 543 789 419 789 419 789C 419 789 419 332 419 332C 419 332 543 332 543 332C 543 332 543 406 543 406C 601 298 834 290 834 508\" transform=\"\">\n                                    <\/path>\n                                <\/svg>\n                            <\/a>\n                        <\/div>\n                    <\/div>\n                <\/div>\n                            <div class=\"col-lg-4 col-sm-6 col-6\" data-aos=\"fade-up\" data-aos-delay=\"600\">\n                    <div class=\"person\">\n                                                    <img decoding=\"async\" src=\"https:\/\/grapl.com\/app\/uploads\/2023\/02\/marc_lachat.jpg\" alt=\"\" \/>\n                                                <div class=\"person-info\">\n                            <p class=\"person-name\">Marc <b>Lachat<\/b><\/p>\n                            <p class=\"person-function\">Co-Founder &#038; Italy manager<\/p>\n                            <a href=\"https:\/\/www.linkedin.com\/in\/marclachat\/\" title=\"\" target=\"_blank\">\n                                <svg xmlns=\"http:\/\/www.w3.org\/2000\/svg\" role=\"img\" width=\"1000mm\" height=\"1000mm\" viewBox=\"0 0 1000 1000\" style=\"max-width:28px; height: auto;\">\n                                    <path id=\"path\" style=\"opacity:1;vector-effect:none;fill:#3d0051;fill-opacity:1;\" d=\" M 336 332C 336 332 336 789 336 789C 336 789 211 789 211 789C 211 789 211 332 211 332C 211 332 336 332 336 332M 346 206C 346 206 346 206 346 206C 346 247 313 280 273 280C 233 280 201 247 201 206C 201 166 233 133 273 133C 313 133 346 166 346 206M 834 508C 834 508 834 789 834 789C 834 789 709 789 709 789C 709 789 709 556 709 556C 709 416 543 427 543 556C 543 556 543 789 543 789C 543 789 419 789 419 789C 419 789 419 332 419 332C 419 332 543 332 543 332C 543 332 543 406 543 406C 601 298 834 290 834 508\" transform=\"\">\n                                    <\/path>\n                                <\/svg>\n                            <\/a>\n                        <\/div>\n                    <\/div>\n                <\/div>\n                            <div class=\"col-lg-4 col-sm-6 col-6\" data-aos=\"fade-up\" data-aos-delay=\"700\">\n                    <div class=\"person\">\n                                                    <img decoding=\"async\" src=\"https:\/\/grapl.com\/app\/uploads\/2023\/02\/nicolas_rattaz-1.jpg\" alt=\"\" \/>\n                                                <div class=\"person-info\">\n                            <p class=\"person-name\">Nicolas <b>Rattaz<\/b><\/p>\n                            <p class=\"person-function\">Co-Founder<\/p>\n                            <a href=\"https:\/\/www.linkedin.com\/in\/nrattaz\/\" title=\"\" target=\"_blank\">\n                                <svg xmlns=\"http:\/\/www.w3.org\/2000\/svg\" role=\"img\" width=\"1000mm\" height=\"1000mm\" viewBox=\"0 0 1000 1000\" style=\"max-width:28px; height: auto;\">\n                                    <path id=\"path\" style=\"opacity:1;vector-effect:none;fill:#3d0051;fill-opacity:1;\" d=\" M 336 332C 336 332 336 789 336 789C 336 789 211 789 211 789C 211 789 211 332 211 332C 211 332 336 332 336 332M 346 206C 346 206 346 206 346 206C 346 247 313 280 273 280C 233 280 201 247 201 206C 201 166 233 133 273 133C 313 133 346 166 346 206M 834 508C 834 508 834 789 834 789C 834 789 709 789 709 789C 709 789 709 556 709 556C 709 416 543 427 543 556C 543 556 543 789 543 789C 543 789 419 789 419 789C 419 789 419 332 419 332C 419 332 543 332 543 332C 543 332 543 406 543 406C 601 298 834 290 834 508\" transform=\"\">\n                                    <\/path>\n                                <\/svg>\n                            <\/a>\n                        <\/div>\n                    <\/div>\n                <\/div>\n                            <div class=\"col-lg-4 col-sm-6 col-6\" data-aos=\"fade-up\" data-aos-delay=\"800\">\n                    <div class=\"person\">\n                                                    <img decoding=\"async\" src=\"https:\/\/grapl.com\/app\/uploads\/2023\/02\/jo.jpg\" alt=\"\" \/>\n                                                <div class=\"person-info\">\n                            <p class=\"person-name\">Joann <b>Dobler<\/b><\/p>\n                            <p class=\"person-function\">Co-Founder<\/p>\n                            <a href=\"https:\/\/www.linkedin.com\/in\/joann-dobler-23796117\/\" title=\"\" target=\"_blank\">\n                                <svg xmlns=\"http:\/\/www.w3.org\/2000\/svg\" role=\"img\" width=\"1000mm\" height=\"1000mm\" viewBox=\"0 0 1000 1000\" style=\"max-width:28px; height: auto;\">\n                                    <path id=\"path\" style=\"opacity:1;vector-effect:none;fill:#3d0051;fill-opacity:1;\" d=\" M 336 332C 336 332 336 789 336 789C 336 789 211 789 211 789C 211 789 211 332 211 332C 211 332 336 332 336 332M 346 206C 346 206 346 206 346 206C 346 247 313 280 273 280C 233 280 201 247 201 206C 201 166 233 133 273 133C 313 133 346 166 346 206M 834 508C 834 508 834 789 834 789C 834 789 709 789 709 789C 709 789 709 556 709 556C 709 416 543 427 543 556C 543 556 543 789 543 789C 543 789 419 789 419 789C 419 789 419 332 419 332C 419 332 543 332 543 332C 543 332 543 406 543 406C 601 298 834 290 834 508\" transform=\"\">\n                                    <\/path>\n                                <\/svg>\n                            <\/a>\n                        <\/div>\n                    <\/div>\n                <\/div>\n                    <\/div>\n    <\/div>\n\n\n","protected":false},"excerpt":{"rendered":"<p>The team<\/p>\n","protected":false},"author":1,"featured_media":0,"parent":0,"menu_order":0,"comment_status":"closed","ping_status":"closed","template":"","meta":{"_acf_changed":false,"footnotes":""},"class_list":["post-729","page","type-page","status-publish","hentry"],"acf":[],"aioseo_notices":[],"_links":{"self":[{"href":"https:\/\/grapl.com\/en\/wp-json\/wp\/v2\/pages\/729","targetHints":{"allow":["GET"]}}],"collection":[{"href":"https:\/\/grapl.com\/en\/wp-json\/wp\/v2\/pages"}],"about":[{"href":"https:\/\/grapl.com\/en\/wp-json\/wp\/v2\/types\/page"}],"author":[{"embeddable":true,"href":"https:\/\/grapl.com\/en\/wp-json\/wp\/v2\/users\/1"}],"replies":[{"embeddable":true,"href":"https:\/\/grapl.com\/en\/wp-json\/wp\/v2\/comments?post=729"}],"version-history":[{"count":14,"href":"https:\/\/grapl.com\/en\/wp-json\/wp\/v2\/pages\/729\/revisions"}],"predecessor-version":[{"id":1131,"href":"https:\/\/grapl.com\/en\/wp-json\/wp\/v2\/pages\/729\/revisions\/1131"}],"wp:attachment":[{"href":"https:\/\/grapl.com\/en\/wp-json\/wp\/v2\/media?parent=729"}],"curies":[{"name":"wp","href":"https:\/\/api.w.org\/{rel}","templated":true}]}}